{"id":30,"date":"2018-07-22T12:22:13","date_gmt":"2018-07-22T12:22:13","guid":{"rendered":"http:\/\/web.auto-service-goetting.de\/?page_id=30"},"modified":"2020-12-22T19:16:43","modified_gmt":"2020-12-22T19:16:43","slug":"impressum","status":"publish","type":"page","link":"https:\/\/auto-service-goetting.de\/?page_id=30","title":{"rendered":"Impressum und Datenschutz"},"content":{"rendered":"<p>Sehr geehrte Besucher,<\/p>\n<p>Ihr Datenschutz ist uns wichtig.<\/p>\n<p>Daher bieten wir Ihnen die gr\u00f6\u00dftm\u00f6gliche Transparenz die uns m\u00f6glich ist.<\/p>\n<p>Auf den folgenden Seiten finden Sie entsprechend unser Impressum und die Datenschutzinformationen sowie Einstellungen dazu.<\/p>\n<p>Sollten Sie Fragen hierzu haben, sprechen Sie uns bitte an:<\/p>\n<p>mail@auto-service-goetting.de<\/p>\n<p>oder vor Ort.<\/p>\n<p>Vielen Dank.<\/p>\n","protected":false},"excerpt":{"rendered":"<p>Sehr geehrte Besucher, Ihr Datenschutz ist uns wichtig. Daher bieten wir Ihnen die gr\u00f6\u00dftm\u00f6gliche Transparenz die uns m\u00f6glich ist. Auf den folgenden Seiten finden Sie entsprechend unser Impressum und die Datenschutzinformationen sowie Einstellungen dazu. Sollten Sie Fragen hierzu haben, sprechen Sie uns bitte an: mail@auto-service-goetting.de oder vor Ort. Vielen Dank.<\/p>\n","protected":false},"author":1,"featured_media":0,"parent":0,"menu_order":5,"comment_status":"closed","ping_status":"closed","template":"","meta":[],"_links":{"self":[{"href":"https:\/\/auto-service-goetting.de\/index.php?rest_route=\/wp\/v2\/pages\/30"}],"collection":[{"href":"https:\/\/auto-service-goetting.de\/index.php?rest_route=\/wp\/v2\/pages"}],"about":[{"href":"https:\/\/auto-service-goetting.de\/index.php?rest_route=\/wp\/v2\/types\/page"}],"author":[{"embeddable":true,"href":"https:\/\/auto-service-goetting.de\/index.php?rest_route=\/wp\/v2\/users\/1"}],"replies":[{"embeddable":true,"href":"https:\/\/auto-service-goetting.de\/index.php?rest_route=%2Fwp%2Fv2%2Fcomments&post=30"}],"version-history":[{"count":6,"href":"https:\/\/auto-service-goetting.de\/index.php?rest_route=\/wp\/v2\/pages\/30\/revisions"}],"predecessor-version":[{"id":70,"href":"https:\/\/auto-service-goetting.de\/index.php?rest_route=\/wp\/v2\/pages\/30\/revisions\/70"}],"wp:attachment":[{"href":"https:\/\/auto-service-goetting.de\/index.php?rest_route=%2Fwp%2Fv2%2Fmedia&parent=30"}],"curies":[{"name":"wp","href":"https:\/\/api.w.org\/{rel}","templated":true}]}}